{"id":289,"date":"2024-07-19T12:35:52","date_gmt":"2024-07-19T12:35:52","guid":{"rendered":"https:\/\/dial.fortuners.ro\/?page_id=289"},"modified":"2025-11-07T10:45:46","modified_gmt":"2025-11-07T10:45:46","slug":"termeni-si-conditii","status":"publish","type":"page","link":"https:\/\/dialharsova.ro\/en\/termeni-si-conditii\/","title":{"rendered":"Terms and conditions"},"content":{"rendered":"<div data-elementor-type=\"wp-page\" data-elementor-id=\"289\" class=\"elementor elementor-289\">\n\t\t\t\t<div class=\"elementor-element elementor-element-3df57741 e-flex e-con-boxed e-con e-parent\" data-id=\"3df57741\" data-element_type=\"container\">\n\t\t\t\t\t<div class=\"e-con-inner\">\n\t\t\t\t<div class=\"elementor-element elementor-element-ab8101c elementor-widget elementor-widget-text-editor\" data-id=\"ab8101c\" data-element_type=\"widget\" data-widget_type=\"text-editor.default\">\n\t\t\t\t<div class=\"elementor-widget-container\">\n\t\t\t<style>\/*! elementor - v3.23.0 - 05-08-2024 *\/\n.elementor-widget-text-editor.elementor-drop-cap-view-stacked .elementor-drop-cap{background-color:#69727d;color:#fff}.elementor-widget-text-editor.elementor-drop-cap-view-framed .elementor-drop-cap{color:#69727d;border:3px solid;background-color:transparent}.elementor-widget-text-editor:not(.elementor-drop-cap-view-default) .elementor-drop-cap{margin-top:8px}.elementor-widget-text-editor:not(.elementor-drop-cap-view-default) .elementor-drop-cap-letter{width:1em;height:1em}.elementor-widget-text-editor .elementor-drop-cap{float:left;text-align:center;line-height:1;font-size:50px}.elementor-widget-text-editor .elementor-drop-cap-letter{display:inline-block}<\/style>\t\t\t\t<!-- wp:paragraph -->\n<h2><strong>COPYRIGHT<\/strong><\/h2>\n<p>Copyright on this Website is reserved entirely by DIAL and is under the protection of Romanian and international laws on the matter.<\/p>\n<p>The documents, images, and information owned by DIAL, including the design, distinctive elements of the Website, the Website content, together with any associated graphic elements, are the property of DIAL. Any unlawful use of these materials, including but not limited to reproduction, distribution, or copying, is strictly prohibited without the prior written permission of DIAL.<\/p>\n<p>This Website may contain documents, images, information or other materials that are not the property of DIAL, such as names, logos and other trademarks of third parties, which are the property of those parties. These materials may include articles, data, information, images, graphics, music, audio or other material published in newspapers, magazines or other media and may also include the names or brands of those media channels. Any use of these materials is strictly prohibited without the prior written permission of the respective third party owners.<\/p>\n<p>This Website, in whole or in part, may not be reproduced, duplicated, copied or exploited in any way for commercial purposes, without the express written consent of DIAL.<\/p>\n<h2><strong>Terms and conditions of use<\/strong><\/h2>\n<p>This document (together with all documents referred to herein) sets out the terms and conditions that govern the use of this website \u2013 <a href=\"https:\/\/dialharsova.ro\/en\/\">dialharsova.ro<\/a><\/p>\n<p>Please read these terms carefully <em>Terms and Conditions<\/em>, <em>Cookie policy\u00a0 <\/em>and\u00a0<em>Privacy Policy<\/em> before using the Website. By accessing and using the Website, you expressly acknowledge the binding nature of these documents and agree to comply with them.<\/p>\n<p>By accessing, visiting or using this Website in any way, you unconditionally agree to the specified terms and conditions.<\/p>\n<h2><strong>1. WHO ARE WE?<\/strong><\/h2>\n<p>DIAL S.A., with its registered office at 17 Constan\u021bei Road, H\u00e2r\u0219ova, H\u00e2r\u0219ova City, Constan\u021ba County, Romania, registered with the Trade Register attached to the Constan\u021ba Court under number J19\/9400\/5526139, having the Unique Registration Code (CUI) 6776141, legally represented by the administrator Alexandru Anton Fogora\u0219i (hereinafter \u201c<strong><em>DIAL<\/em><\/strong>\" or \"<strong><em>Us<\/em>\u2019<\/strong>\u2019).<\/p>\n<p><strong>Our contact details are:<\/strong><\/p>\n<p>Headquarters address: H\u00e2r\u0219ova, \u0218oseaua Constan\u021bei str. no. 17, Constan\u021ba county<\/p>\n<p>Email address: office@dialharsova.ro<\/p>\n<p>Tel. No.: 0241. 870.548\/ 0755. 017.741<\/p>\n<h2><strong>2. INTELLECTUAL PROPERTY <\/strong><\/h2>\n<p>The Company is the exclusive owner of the intellectual property rights related to the content of the Website, including, but not limited to: articles, text, photographs, illustrations, music, audio and video clips, trademarks, emblems and designs.<\/p>\n<p>Visitors of the Website may access the materials published on the Website free of charge, exclusively for personal use and for non-commercial purposes only. As a result of accessing the materials published on the Website, no rights, titles, or legitimate interests are transferred or recognized to the visitors in relation to such materials.<\/p>\n<p>No section of the Website content over which <em>DIAL <\/em>is subject to intellectual property rights may be reproduced, distributed, or published in any form, for any purpose, or by any means, without the prior written consent of DIAL. Therefore, visitors of the Website declare that, by simply using the Website, they understand and agree not to copy, modify, sell, distribute, transmit, display, reproduce, publish, or create works\/derivative materials based on the information published on the Website.<\/p>\n<h2><strong>3. USE OF THE WEBSITE <\/strong><\/h2>\n<p>By using the Website, you agree to:<\/p>\n<ol>\n<li>not make any false or fraudulent request. If we have reasonable grounds to believe that you have made such a request, we reserve the right not to respond to it and to duly inform the competent authorities;<\/li>\n<li>provide us with your full name, an email address, and\/or other accurate and correct contact details. If you do not provide all the information we require, we may be unable to respond to your request.<\/li>\n<\/ol>\n<p>By using the Website in any manner and for any purpose, you declare that you meet the legal requirements and that you have the legal capacity to enter into binding agreements that create obligations on your part as set forth in <em>Terms and conditions<\/em>, <em>Privacy policy<\/em> and <em>Cookie policy<\/em>.<\/p>\n<p><strong>The mere use of the Website and\/or the submission of a request through the contact form, as well as the response to such a request, do not obligate <\/strong><strong><em>DIAL <\/em><\/strong><strong>\u00een nici un fel fa\u021b\u0103 de vizitator\/utilizator, respectiv nu reprezint\u0103 \u00eencheierea unui contract \u00eentre Societate \u0219i vizitator. <\/strong><\/p>\n<p>Through the Website, <em>DIAL <\/em>invites the Website visitor to engage the services provided by the Company. The visitor may contact <em>DIAL<\/em> (filling in <em>the Contact form<\/em> or using any of the contact data published on the Website and provided for in point 1 of these <em>Terms and conditions<\/em>) for the purpose of negotiations and conclusion of a contract in this regard. In that contract, all the essential elements of its conclusion according to the law will be established, as well as the specific ones, for example: the obligations and rights of the Parties, the price, guarantees, liability, etc.<\/p>\n<h2><strong>4. LIMITATION OF LIABILITY<\/strong><\/h2>\n<p>Any user who visits this Website does so at his own risk. The materials and information contained in this Website or to which this Website refers are exclusively of a general nature and are provided for general information purposes.<\/p>\n<p>By accessing, visiting or using this Website in any way you agree not to hold DIAL, any of its associates, collaborators or employees, nor third parties involved in the creation, production or delivery of this Website, or whose materials appear, liable in this Website, for the consequences of the actions you take based on the information contained in this Website. The Website is provided to users as is, without warranties of any kind, express or implied, including but not limited to warranties of title, warranties of merchantability or fitness for a particular purpose, other than those that cannot be excluded, restricted or modified according to the Romanian legislation applicable to this agreement. Limitation of liability applies to any damages or defects caused by any interruption, error, omission, interruption, deletion, defect, delay in operation or transmission, computer virus, interruption of communication line, theft, destruction or unauthorized access, alteration or normal use . Limitation of liability applies for breach of contract, non-contractual torts, negligence or any other cause of action.<\/p>\n<p>DIAL, as well as any of its associates, collaborators or employees or any other natural or legal person involved in the creation, production or distribution of this Website will in no way be responsible for any damages, including but not limited to direct, indirect, injury, special, consequential or punitive, which could result from the use or inability to use this Website. The user hereby acknowledges that the provisions of this section apply to the entire content of this Website.<\/p>\n<p>DIAL does not assume any obligation and does not guarantee in any way that this Website is permanently operational, free of any functional defects and that the documents, files or any other data packages related to this Website do not contain viruses and will not have no liability for any present or future damage thereby caused.<\/p>\n<p>The visitor will use the services offered through the Website entirely at his own risk.<\/p>\n<p>DIAL assumes no responsibility for the terms, content, materials, products and services included in other sites linked to this Website, but which are not owned by DIAL. Accessing these sites is at the sole risk of the user.<\/p>\n<h2><strong>5. OUR RIGHT TO MODIFY THE TERMS AND CONDITIONS <\/strong><\/h2>\n<p>DIAL reserves the right to review and modify <em>the Terms and conditions<\/em> from time to time and at its sole discretion, without prior notice.<\/p>\n<p>periodically and at its sole discretion, without prior notice. <em>the Terms and conditions<\/em>, <em>Cookie policy<\/em> s\u0327i <em>Privacy Policy<\/em>as the updated version in effect at the time of using the Website shall apply.<\/p>\n<h2><strong>6. APPLICABLE LAW AND JURISDICTION <\/strong><\/h2>\n<p>Any dispute or claims related to the access, content or use of this Website will be governed by Romanian law and will be settled amicably or, if this is not possible, the disputes will be settled by the competent Romanian courts.<\/p>\n<h2><strong>7. PROCESSING OF PERSONAL DATA<\/strong><\/h2>\n<p>The processing of personal data by <em>DIAL <\/em>is carried out in compliance with Regulation (EU) 2016\/679 of the European Parliament and of the Council of 27 April 2016 on the protection of natural persons with regard to the processing of personal data and on the free movement of such data, and repealing Directive 95\/46\/EC (the \u201cGeneral Data Protection Regulation\u201d), as well as the relevant national legislation on the protection of personal data.<\/p>\n<p>For more details regarding the processing of personal data, please refer to <em>Privacy policy<\/em> and <em>Cookie policy<\/em>.<\/p>\n<p>or any questions or concerns regarding these terms and conditions, intellectual property rights, or privacy policies, please contact us at the following email address: <a href=\"mailto:dpo@dialharsova.ro\">dpo@dialharsova.ro<\/a>.<\/p>\n<!-- \/wp:paragraph -->\t\t\t\t\t\t<\/div>\n\t\t\t\t<\/div>\n\t\t\t\t\t<\/div>\n\t\t\t\t<\/div>\n\t\t\t\t<\/div>","protected":false},"excerpt":{"rendered":"<p>COPYRIGHT Drepturile de autor asupra acestui Website sunt rezervate \u00een \u00eentregime de DIAL \u0219i se afl\u0103 sub protec\u0163ia legilor rom\u00e2ne \u0219i interna\u021bionale \u00een materie. Documentele, imaginile \u0219i informa\u021biile din proprietatea DIAL, incluz\u00e2nd design-ul, elementele distinctive ale Website-ului, con\u021binutul Website-ului, \u00eempreun\u0103 cu orice elemente grafice asociate acestora apar\u021bin DIAL. Orice folosire ilegal\u0103 a acestor materiale, incluz\u00e2nd, [&hellip;]<\/p>","protected":false},"author":1,"featured_media":0,"parent":0,"menu_order":0,"comment_status":"closed","ping_status":"closed","template":"","meta":{"_acf_changed":false,"footnotes":""},"class_list":["post-289","page","type-page","status-publish","hentry"],"acf":[],"yoast_head":"<!-- This site is optimized with the Yoast SEO plugin v23.4 - https:\/\/yoast.com\/wordpress\/plugins\/seo\/ -->\n<title>Termeni \u0219i condi\u021bii - DIAL<\/title>\n<meta name=\"robots\" content=\"index, follow, max-snippet:-1, max-image-preview:large, max-video-preview:-1\" \/>\n<link rel=\"canonical\" href=\"https:\/\/dialharsova.ro\/en\/termeni-si-conditii\/\" \/>\n<meta property=\"og:locale\" content=\"en_US\" \/>\n<meta property=\"og:type\" content=\"article\" \/>\n<meta property=\"og:title\" content=\"Termeni \u0219i condi\u021bii - DIAL\" \/>\n<meta property=\"og:description\" content=\"COPYRIGHT Drepturile de autor asupra acestui Website sunt rezervate \u00een \u00eentregime de DIAL \u0219i se afl\u0103 sub protec\u0163ia legilor rom\u00e2ne \u0219i interna\u021bionale \u00een materie. Documentele, imaginile \u0219i informa\u021biile din proprietatea DIAL, incluz\u00e2nd design-ul, elementele distinctive ale Website-ului, con\u021binutul Website-ului, \u00eempreun\u0103 cu orice elemente grafice asociate acestora apar\u021bin DIAL. Orice folosire ilegal\u0103 a acestor materiale, incluz\u00e2nd, [&hellip;]\" \/>\n<meta property=\"og:url\" content=\"https:\/\/dialharsova.ro\/en\/termeni-si-conditii\/\" \/>\n<meta property=\"og:site_name\" content=\"DIAL\" \/>\n<meta property=\"article:modified_time\" content=\"2025-11-07T10:45:46+00:00\" \/>\n<meta name=\"twitter:card\" content=\"summary_large_image\" \/>\n<meta name=\"twitter:label1\" content=\"Est. reading time\" \/>\n\t<meta name=\"twitter:data1\" content=\"8 minutes\" \/>\n<script type=\"application\/ld+json\" class=\"yoast-schema-graph\">{\"@context\":\"https:\/\/schema.org\",\"@graph\":[{\"@type\":\"WebPage\",\"@id\":\"https:\/\/dialharsova.ro\/termeni-si-conditii\/\",\"url\":\"https:\/\/dialharsova.ro\/termeni-si-conditii\/\",\"name\":\"Termeni \u0219i condi\u021bii - DIAL\",\"isPartOf\":{\"@id\":\"https:\/\/dialharsova.ro\/#website\"},\"datePublished\":\"2024-07-19T12:35:52+00:00\",\"dateModified\":\"2025-11-07T10:45:46+00:00\",\"breadcrumb\":{\"@id\":\"https:\/\/dialharsova.ro\/termeni-si-conditii\/#breadcrumb\"},\"inLanguage\":\"en-US\",\"potentialAction\":[{\"@type\":\"ReadAction\",\"target\":[\"https:\/\/dialharsova.ro\/termeni-si-conditii\/\"]}]},{\"@type\":\"BreadcrumbList\",\"@id\":\"https:\/\/dialharsova.ro\/termeni-si-conditii\/#breadcrumb\",\"itemListElement\":[{\"@type\":\"ListItem\",\"position\":1,\"name\":\"Home\",\"item\":\"https:\/\/dialharsova.ro\/\"},{\"@type\":\"ListItem\",\"position\":2,\"name\":\"Termeni \u0219i condi\u021bii\"}]},{\"@type\":\"WebSite\",\"@id\":\"https:\/\/dialharsova.ro\/#website\",\"url\":\"https:\/\/dialharsova.ro\/\",\"name\":\"DIAL\",\"description\":\"DIAL\",\"potentialAction\":[{\"@type\":\"SearchAction\",\"target\":{\"@type\":\"EntryPoint\",\"urlTemplate\":\"https:\/\/dialharsova.ro\/?s={search_term_string}\"},\"query-input\":{\"@type\":\"PropertyValueSpecification\",\"valueRequired\":true,\"valueName\":\"search_term_string\"}}],\"inLanguage\":\"en-US\"}]}<\/script>\n<!-- \/ Yoast SEO plugin. -->","yoast_head_json":{"title":"Termeni \u0219i condi\u021bii - DIAL","robots":{"index":"index","follow":"follow","max-snippet":"max-snippet:-1","max-image-preview":"max-image-preview:large","max-video-preview":"max-video-preview:-1"},"canonical":"https:\/\/dialharsova.ro\/en\/termeni-si-conditii\/","og_locale":"en_US","og_type":"article","og_title":"Termeni \u0219i condi\u021bii - DIAL","og_description":"COPYRIGHT Drepturile de autor asupra acestui Website sunt rezervate \u00een \u00eentregime de DIAL \u0219i se afl\u0103 sub protec\u0163ia legilor rom\u00e2ne \u0219i interna\u021bionale \u00een materie. Documentele, imaginile \u0219i informa\u021biile din proprietatea DIAL, incluz\u00e2nd design-ul, elementele distinctive ale Website-ului, con\u021binutul Website-ului, \u00eempreun\u0103 cu orice elemente grafice asociate acestora apar\u021bin DIAL. Orice folosire ilegal\u0103 a acestor materiale, incluz\u00e2nd, [&hellip;]","og_url":"https:\/\/dialharsova.ro\/en\/termeni-si-conditii\/","og_site_name":"DIAL","article_modified_time":"2025-11-07T10:45:46+00:00","twitter_card":"summary_large_image","twitter_misc":{"Est. reading time":"8 minutes"},"schema":{"@context":"https:\/\/schema.org","@graph":[{"@type":"WebPage","@id":"https:\/\/dialharsova.ro\/termeni-si-conditii\/","url":"https:\/\/dialharsova.ro\/termeni-si-conditii\/","name":"Termeni \u0219i condi\u021bii - DIAL","isPartOf":{"@id":"https:\/\/dialharsova.ro\/#website"},"datePublished":"2024-07-19T12:35:52+00:00","dateModified":"2025-11-07T10:45:46+00:00","breadcrumb":{"@id":"https:\/\/dialharsova.ro\/termeni-si-conditii\/#breadcrumb"},"inLanguage":"en-US","potentialAction":[{"@type":"ReadAction","target":["https:\/\/dialharsova.ro\/termeni-si-conditii\/"]}]},{"@type":"BreadcrumbList","@id":"https:\/\/dialharsova.ro\/termeni-si-conditii\/#breadcrumb","itemListElement":[{"@type":"ListItem","position":1,"name":"Home","item":"https:\/\/dialharsova.ro\/"},{"@type":"ListItem","position":2,"name":"Termeni \u0219i condi\u021bii"}]},{"@type":"WebSite","@id":"https:\/\/dialharsova.ro\/#website","url":"https:\/\/dialharsova.ro\/","name":"DIAL","description":"DIAL","potentialAction":[{"@type":"SearchAction","target":{"@type":"EntryPoint","urlTemplate":"https:\/\/dialharsova.ro\/?s={search_term_string}"},"query-input":{"@type":"PropertyValueSpecification","valueRequired":true,"valueName":"search_term_string"}}],"inLanguage":"en-US"}]}},"_links":{"self":[{"href":"https:\/\/dialharsova.ro\/en\/wp-json\/wp\/v2\/pages\/289","targetHints":{"allow":["GET"]}}],"collection":[{"href":"https:\/\/dialharsova.ro\/en\/wp-json\/wp\/v2\/pages"}],"about":[{"href":"https:\/\/dialharsova.ro\/en\/wp-json\/wp\/v2\/types\/page"}],"author":[{"embeddable":true,"href":"https:\/\/dialharsova.ro\/en\/wp-json\/wp\/v2\/users\/1"}],"replies":[{"embeddable":true,"href":"https:\/\/dialharsova.ro\/en\/wp-json\/wp\/v2\/comments?post=289"}],"version-history":[{"count":18,"href":"https:\/\/dialharsova.ro\/en\/wp-json\/wp\/v2\/pages\/289\/revisions"}],"predecessor-version":[{"id":565,"href":"https:\/\/dialharsova.ro\/en\/wp-json\/wp\/v2\/pages\/289\/revisions\/565"}],"wp:attachment":[{"href":"https:\/\/dialharsova.ro\/en\/wp-json\/wp\/v2\/media?parent=289"}],"curies":[{"name":"wp","href":"https:\/\/api.w.org\/{rel}","templated":true}]}}