{"id":287,"date":"2024-07-19T12:35:38","date_gmt":"2024-07-19T12:35:38","guid":{"rendered":"https:\/\/dial.fortuners.ro\/?page_id=287"},"modified":"2025-11-07T10:10:07","modified_gmt":"2025-11-07T10:10:07","slug":"politica-de-confidentialitate-gdpr","status":"publish","type":"page","link":"https:\/\/dialharsova.ro\/en\/politica-de-confidentialitate-gdpr\/","title":{"rendered":"Privacy policy (GDPR)"},"content":{"rendered":"<div data-elementor-type=\"wp-page\" data-elementor-id=\"287\" class=\"elementor elementor-287\">\n\t\t\t\t<div class=\"elementor-element elementor-element-db71a2a e-flex e-con-boxed e-con e-parent\" data-id=\"db71a2a\" data-element_type=\"container\">\n\t\t\t\t\t<div class=\"e-con-inner\">\n\t\t\t\t<div class=\"elementor-element elementor-element-50638f5 elementor-widget elementor-widget-text-editor\" data-id=\"50638f5\" data-element_type=\"widget\" data-widget_type=\"text-editor.default\">\n\t\t\t\t<div class=\"elementor-widget-container\">\n\t\t\t<style>\/*! elementor - v3.23.0 - 05-08-2024 *\/\n.elementor-widget-text-editor.elementor-drop-cap-view-stacked .elementor-drop-cap{background-color:#69727d;color:#fff}.elementor-widget-text-editor.elementor-drop-cap-view-framed .elementor-drop-cap{color:#69727d;border:3px solid;background-color:transparent}.elementor-widget-text-editor:not(.elementor-drop-cap-view-default) .elementor-drop-cap{margin-top:8px}.elementor-widget-text-editor:not(.elementor-drop-cap-view-default) .elementor-drop-cap-letter{width:1em;height:1em}.elementor-widget-text-editor .elementor-drop-cap{float:left;text-align:center;line-height:1;font-size:50px}.elementor-widget-text-editor .elementor-drop-cap-letter{display:inline-block}<\/style>\t\t\t\t<p>This <em>Policy<\/em> informs you about how we collect, use, transfer and protect your personal data. We process them in accordance with the provisions of Regulation (EU) 2016\/679 of the European Parliament and of the Council of April 27, 2016 on the protection of natural persons with regard to the processing of personal data and on the free movement of such data, and repealing Directive no. 95\/46\/CE (\"<em>General Data Protection Regulation<\/em>\", herein after <em>\"R.G.P.D.\"<\/em>) and of the relevant national legislation on the protection of personal data.<\/p>\t\t\t\t\t\t<\/div>\n\t\t\t\t<\/div>\n\t\t\t\t<div class=\"elementor-element elementor-element-6029d3d elementor-widget elementor-widget-heading\" data-id=\"6029d3d\" data-element_type=\"widget\" data-widget_type=\"heading.default\">\n\t\t\t\t<div class=\"elementor-widget-container\">\n\t\t\t<style>\/*! elementor - v3.23.0 - 05-08-2024 *\/\n.elementor-heading-title{padding:0;margin:0;line-height:1}.elementor-widget-heading .elementor-heading-title[class*=elementor-size-]>a{color:inherit;font-size:inherit;line-height:inherit}.elementor-widget-heading .elementor-heading-title.elementor-size-small{font-size:15px}.elementor-widget-heading .elementor-heading-title.elementor-size-medium{font-size:19px}.elementor-widget-heading .elementor-heading-title.elementor-size-large{font-size:29px}.elementor-widget-heading .elementor-heading-title.elementor-size-xl{font-size:39px}.elementor-widget-heading .elementor-heading-title.elementor-size-xxl{font-size:59px}<\/style><h2 class=\"elementor-heading-title elementor-size-default\">1. WHO ARE WE?<\/h2>\t\t<\/div>\n\t\t\t\t<\/div>\n\t\t\t\t<div class=\"elementor-element elementor-element-dc639bd elementor-widget elementor-widget-text-editor\" data-id=\"dc639bd\" data-element_type=\"widget\" data-widget_type=\"text-editor.default\">\n\t\t\t\t<div class=\"elementor-widget-container\">\n\t\t\t\t\t\t\t<p>DIAL S.A., with its registered office at 17 Constan\u021bei Road, H\u00e2r\u0219ova, Constan\u021ba County, Romania, registered with the Trade Register attached to the Constan\u021ba Tribunal under number J19\/940\/5526139, having the Unique Registration Code (CUI) 6776141, legally represented by Administrator Alexandru Anton Fogora\u0219i (hereinafter referred to as (\"<strong><em>DIAL<\/em><\/strong>\" or \"<strong><em>Us<\/em><\/strong>\").<\/p>\n<p><strong>Our contact details are:<\/strong><\/p>\n<p>Headquarters address: H\u00e2r\u0219ova, \u0218oseaua Constan\u021bei str. no. 17, Constan\u021ba county<\/p>\n<p>Email address: office@dialharsova.ro<\/p>\n<p>Tel. No.: 0241. 870.548\/ 0755. 017.741<\/p>\t\t\t\t\t\t<\/div>\n\t\t\t\t<\/div>\n\t\t\t\t<div class=\"elementor-element elementor-element-e60046b elementor-widget elementor-widget-heading\" data-id=\"e60046b\" data-element_type=\"widget\" data-widget_type=\"heading.default\">\n\t\t\t\t<div class=\"elementor-widget-container\">\n\t\t\t<h2 class=\"elementor-heading-title elementor-size-default\">2. HOW DO WE PROCESS YOUR PERSONAL DATA?<\/h2>\t\t<\/div>\n\t\t\t\t<\/div>\n\t\t\t\t<div class=\"elementor-element elementor-element-18803d6 elementor-widget elementor-widget-text-editor\" data-id=\"18803d6\" data-element_type=\"widget\" data-widget_type=\"text-editor.default\">\n\t\t\t\t<div class=\"elementor-widget-container\">\n\t\t\t\t\t\t\t<p><em>DIAL<\/em>, in its capacity as Data Controller, processes the personal data of candidates who apply for available positions, employees, individual clients, representatives of corporate clients, contractual partners and collaborators, and the data of other natural perso<\/p>\n<p>The personal data are:<\/p>\n<ul>\n<li>processed legally, fairly and transparently towards the data subject;<\/li>\n<li>collected for specific, explicit and legitimate purposes and not further processed in a way incompatible with these purposes;<\/li>\n<li>adequate, relevant and limited to what is necessary in relation to the purposes for which they are processed;<\/li>\n<li>accurate and up-to-date;<\/li>\n<li>kept in a form that allows the identification of the data subjects for a period that does not exceed the period necessary to fulfill the purposes for which the data are processed;<\/li>\n<li>processed in a way that ensures adequate security of personal data, including protection against unauthorized or unlawful processing and against accidental loss, destruction or damage, by taking appropriate technical or organizational measures.<\/li>\n<\/ul>\t\t\t\t\t\t<\/div>\n\t\t\t\t<\/div>\n\t\t\t\t<div class=\"elementor-element elementor-element-fe4463a elementor-widget elementor-widget-heading\" data-id=\"fe4463a\" data-element_type=\"widget\" data-widget_type=\"heading.default\">\n\t\t\t\t<div class=\"elementor-widget-container\">\n\t\t\t<h2 class=\"elementor-heading-title elementor-size-default\">3. WHAT TYPES OF PERSONAL DATA ARE PROCESSED AND FOR WHAT PURPOSES ARE THEY PROCESSED?<\/h2>\t\t<\/div>\n\t\t\t\t<\/div>\n\t\t\t\t<div class=\"elementor-element elementor-element-8b0e0e8 elementor-widget elementor-widget-text-editor\" data-id=\"8b0e0e8\" data-element_type=\"widget\" data-widget_type=\"text-editor.default\">\n\t\t\t\t<div class=\"elementor-widget-container\">\n\t\t\t\t\t\t\t<p>In the context <strong>of staff recruitment<\/strong>we process the following types of personal data: name, surname, address, date of birth, citizenship, gender, phone number, e-mail address, data regarding professional and\/or social experience, education and professional training, skills, and other personal data resulting from the information included in the submitted CV and cover letter, and, where applicable, from discussions held during the job interview.<\/p><p class=\" translation-block\">For the <strong>conclusion and execution<\/strong> of <strong>services<\/strong> and <strong>partnership\/collaboration<\/strong> contracts, we mainly process the following types of personal data: name, surname, identity card\/passport series and number, gender, home address\/residence, bank account number, e-mail address, no. by phone<\/p><p>For the purpose of <strong>completing and submitting the contact form<\/strong> (,,<strong>Contact<\/strong>\") on the  website <em>DIAL <\/em>&#8211; <a href=\"https:\/\/dialharsova.ro\/en\/\">www.dialharsova.ro<\/a> (hereinafter \u201cthe website\u201d), we process the following types of personal data: name, surname, e-mail, phone number and, where applicable, other data if provided voluntarily by the data subject in the<em>\u201cMessage\u201d section<\/em>.<\/p><p>For <strong>website visitors<\/strong> it is possible that we collect data through <em>cookie modules<\/em> or other similar technologies, such as: IP address, web browser, location, web pages accessed on our website, time spent on the website, internet network, and device used. For more details in this regard, please refer to\u00a0<strong>Cookie policy<\/strong> .<\/p><p>We do not use your personal data to send you <strong>marketing communications<\/strong>, such as <strong>newsletters<\/strong>, unless you have expressly given your consent for such communications by ticking a <em>consent box<\/em> for this purpose.<\/p><p>In this regard, we process only your email address and ensure that you have an easy option to unsubscribe at any time, as well as to withdraw your consent to receive these types of communications.<\/p>\t\t\t\t\t\t<\/div>\n\t\t\t\t<\/div>\n\t\t\t\t<div class=\"elementor-element elementor-element-033fa84 elementor-widget elementor-widget-heading\" data-id=\"033fa84\" data-element_type=\"widget\" data-widget_type=\"heading.default\">\n\t\t\t\t<div class=\"elementor-widget-container\">\n\t\t\t<h2 class=\"elementor-heading-title elementor-size-default\">4. WHAT ARE THE LEGAL GROUNDS FOR THE PROCESSING OF PERSONAL DATA?<\/h2>\t\t<\/div>\n\t\t\t\t<\/div>\n\t\t\t\t<div class=\"elementor-element elementor-element-547767b elementor-widget elementor-widget-text-editor\" data-id=\"547767b\" data-element_type=\"widget\" data-widget_type=\"text-editor.default\">\n\t\t\t\t<div class=\"elementor-widget-container\">\n\t\t\t\t\t\t\t<p>Your personal data is processed in order to:<\/p>\n<ul>\n<li><strong>conclusion and execution of various contracts<\/strong>;<\/li>\n<li class=\" translation-block\"><strong>for<\/strong> <strong>the fulfillment of our legal obligations<\/strong>;<\/li>\n<li class=\" translation-block\"><strong>on the basis of consent requested and\/or provided in advance<\/strong> (in the context of staff recruitment, for the transmission of marketing communications, etc.);<\/li>\n<li>for the purpose of the<strong> egitimate interests pursued by <\/strong><strong><em>DIAL<\/em><\/strong> (e.g. adoption of protection and security measures for our employees, exercise of certain rights and legitimate interests of DIAL within contentious or non-contentious procedures, etc.).<\/li>\n<\/ul>\t\t\t\t\t\t<\/div>\n\t\t\t\t<\/div>\n\t\t\t\t<div class=\"elementor-element elementor-element-b868dc4 elementor-widget elementor-widget-heading\" data-id=\"b868dc4\" data-element_type=\"widget\" data-widget_type=\"heading.default\">\n\t\t\t\t<div class=\"elementor-widget-container\">\n\t\t\t<h2 class=\"elementor-heading-title elementor-size-default\">5. FOR HOW LONG DO WE PROCESS YOUR PERSONAL DATA?<\/h2>\t\t<\/div>\n\t\t\t\t<\/div>\n\t\t\t\t<div class=\"elementor-element elementor-element-eb1cbdd elementor-widget elementor-widget-text-editor\" data-id=\"eb1cbdd\" data-element_type=\"widget\" data-widget_type=\"text-editor.default\">\n\t\t\t\t<div class=\"elementor-widget-container\">\n\t\t\t\t\t\t\t<p class=\" translation-block\">Personal data are stored for their processing for the period necessary to achieve the processing purposes mentioned in this <em>Policy<\/em> or for the period required by law (e.g. in matters of archiving, accounting, etc.).<\/p>\t\t\t\t\t\t<\/div>\n\t\t\t\t<\/div>\n\t\t\t\t<div class=\"elementor-element elementor-element-6db51d8 elementor-widget elementor-widget-heading\" data-id=\"6db51d8\" data-element_type=\"widget\" data-widget_type=\"heading.default\">\n\t\t\t\t<div class=\"elementor-widget-container\">\n\t\t\t<h2 class=\"elementor-heading-title elementor-size-default\">6. TO WHOM DO WE DISCLOSE PERSONAL DATA?<\/h2>\t\t<\/div>\n\t\t\t\t<\/div>\n\t\t\t\t<div class=\"elementor-element elementor-element-e4c664c elementor-widget elementor-widget-text-editor\" data-id=\"e4c664c\" data-element_type=\"widget\" data-widget_type=\"text-editor.default\">\n\t\t\t\t<div class=\"elementor-widget-container\">\n\t\t\t\t\t\t\t<p class=\" translation-block\">We will not disclose or transfer to any third party any of the personal data collected from or about you with the <strong><u>exception<\/u><\/strong>:<\/p>\n<ul>\n<li class=\" translation-block\">To <strong>Public authorities and institutions<\/strong> \u2013 when there is a legal obligation in this regard or for the purpose of a legitimate interest (defense of DIAL rights in contentious or non-contentious procedures, etc.).<\/li>\n<li><strong>DIAL\u2019s contractual partners or collaborators <\/strong>who provide us with web hosting, website development, website maintenance, marketing, and marketing communication services.<\/li>\n<\/ul>\n<p class=\" translation-block\">If the personal data processed by the Company are <strong>transferred<\/strong> by it directly or through its contractual partners\/collaborators <strong>outside the European Economic Area<\/strong>, we assure you that these transfers take place in compliance with R.G.P.D. (in particular art. 46 of the R.G.P.D.), of the legal provisions applicable in the matter, based on adequate guarantees (standard data protection clauses adopted by the Commission) and on the condition that there are opposable rights and effective remedies for the persons concerned.<\/p>\t\t\t\t\t\t<\/div>\n\t\t\t\t<\/div>\n\t\t\t\t<div class=\"elementor-element elementor-element-be49940 elementor-widget elementor-widget-heading\" data-id=\"be49940\" data-element_type=\"widget\" data-widget_type=\"heading.default\">\n\t\t\t\t<div class=\"elementor-widget-container\">\n\t\t\t<h2 class=\"elementor-heading-title elementor-size-default\">7. WHAT PROTECTIVE MEASURES AND SAFEGUARDS DO WE TAKE?<\/h2>\t\t<\/div>\n\t\t\t\t<\/div>\n\t\t\t\t<div class=\"elementor-element elementor-element-71d19c3 elementor-widget elementor-widget-text-editor\" data-id=\"71d19c3\" data-element_type=\"widget\" data-widget_type=\"text-editor.default\">\n\t\t\t\t<div class=\"elementor-widget-container\">\n\t\t\t\t\t\t\t<p><strong><em>DIAL \u00a0<\/em><\/strong>implements appropriate technical and organizational measures to ensure a high level of security and protection of personal data. We use security methods and technologies, together with internal policies and procedures, including control and audit mechanisms, to protect the personal data collected in accordance with the applicable legal provisions on personal data protection.<\/p>\t\t\t\t\t\t<\/div>\n\t\t\t\t<\/div>\n\t\t\t\t<div class=\"elementor-element elementor-element-5732333 elementor-widget elementor-widget-heading\" data-id=\"5732333\" data-element_type=\"widget\" data-widget_type=\"heading.default\">\n\t\t\t\t<div class=\"elementor-widget-container\">\n\t\t\t<h2 class=\"elementor-heading-title elementor-size-default\">8. WHAT ARE YOUR RIGHTS AS A DATA SUBJECT?<\/h2>\t\t<\/div>\n\t\t\t\t<\/div>\n\t\t\t\t<div class=\"elementor-element elementor-element-8fc53b5 elementor-widget elementor-widget-text-editor\" data-id=\"8fc53b5\" data-element_type=\"widget\" data-widget_type=\"text-editor.default\">\n\t\t\t\t<div class=\"elementor-widget-container\">\n\t\t\t\t\t\t\t<p>Any data subject may exercise the following rights, as provided by the General Data Protection Regulation:<\/p><ul><li>The right of access;<\/li><li>Right of rectification;<\/li><li>The right to erasure;<\/li><li>The right to restrict processing;<\/li><li>The right to portability;<\/li><li>The right to oppose the processing;<\/li><li>The right not to be subject to a decision based solely on automated processing, including profiling;<\/li><li>The right to address the National Supervisory Authority for the Processing of Personal Data and the courts.<\/li><\/ul><p>For any questions, clarifications, or to exercise these rights, you can contact us by e-mail or by post\/courier at the following address: H\u00e2r\u0219ova, 17 Constan\u021bei Road, Constan\u021ba County.<\/p><p>You may also contact the National Supervisory Authority for Personal Data Processing (A.N.S.P.D.C.P.) at the address: Bucharest, 28\u201330 General Gheorghe Magheru Blvd., Sector 1, postal code 010336, Romania, or by phone at +40.318.059.211, e-mail: <a href=\"mailto:anspdcp@dataprotection.ro\"><em>anspdcp@dataprotection.ro<\/em><\/a><\/p>\t\t\t\t\t\t<\/div>\n\t\t\t\t<\/div>\n\t\t\t\t\t<\/div>\n\t\t\t\t<\/div>\n\t\t\t\t<\/div>","protected":false},"excerpt":{"rendered":"<p>Prin prezenta Politic\u0103 v\u0103 inform\u0103m despre modul \u00een care colect\u0103m, utiliz\u0103m, transfer\u0103m \u0219i protej\u0103m datele dvs. cu caracter personal. Prelucrarea acestora o realiz\u0103m \u00een conformitate cu prevederile Regulamentului (UE) 2016\/679 al Parlamentului European \u0219i al Consiliului din 27 aprilie 2016 privind protec\u021bia persoanelor fizice \u00een ceea ce prive\u0219te prelucrarea datelor cu caracter personal \u0219i privind [&hellip;]<\/p>","protected":false},"author":1,"featured_media":0,"parent":0,"menu_order":0,"comment_status":"closed","ping_status":"closed","template":"","meta":{"_acf_changed":false,"footnotes":""},"class_list":["post-287","page","type-page","status-publish","hentry"],"acf":[],"yoast_head":"<!-- This site is optimized with the Yoast SEO plugin v23.4 - https:\/\/yoast.com\/wordpress\/plugins\/seo\/ -->\n<title>Politic\u0103 de confiden\u021bialitate (GDPR) - DIAL<\/title>\n<meta name=\"robots\" content=\"index, follow, max-snippet:-1, max-image-preview:large, max-video-preview:-1\" \/>\n<link rel=\"canonical\" href=\"https:\/\/dialharsova.ro\/en\/politica-de-confidentialitate-gdpr\/\" \/>\n<meta property=\"og:locale\" content=\"en_US\" \/>\n<meta property=\"og:type\" content=\"article\" \/>\n<meta property=\"og:title\" content=\"Politic\u0103 de confiden\u021bialitate (GDPR) - DIAL\" \/>\n<meta property=\"og:description\" content=\"Prin prezenta Politic\u0103 v\u0103 inform\u0103m despre modul \u00een care colect\u0103m, utiliz\u0103m, transfer\u0103m \u0219i protej\u0103m datele dvs. cu caracter personal. Prelucrarea acestora o realiz\u0103m \u00een conformitate cu prevederile Regulamentului (UE) 2016\/679 al Parlamentului European \u0219i al Consiliului din 27 aprilie 2016 privind protec\u021bia persoanelor fizice \u00een ceea ce prive\u0219te prelucrarea datelor cu caracter personal \u0219i privind [&hellip;]\" \/>\n<meta property=\"og:url\" content=\"https:\/\/dialharsova.ro\/en\/politica-de-confidentialitate-gdpr\/\" \/>\n<meta property=\"og:site_name\" content=\"DIAL\" \/>\n<meta property=\"article:modified_time\" content=\"2025-11-07T10:10:07+00:00\" \/>\n<meta name=\"twitter:card\" content=\"summary_large_image\" \/>\n<meta name=\"twitter:label1\" content=\"Est. reading time\" \/>\n\t<meta name=\"twitter:data1\" content=\"7 minutes\" \/>\n<script type=\"application\/ld+json\" class=\"yoast-schema-graph\">{\"@context\":\"https:\/\/schema.org\",\"@graph\":[{\"@type\":\"WebPage\",\"@id\":\"https:\/\/dialharsova.ro\/politica-de-confidentialitate-gdpr\/\",\"url\":\"https:\/\/dialharsova.ro\/politica-de-confidentialitate-gdpr\/\",\"name\":\"Politic\u0103 de confiden\u021bialitate (GDPR) - DIAL\",\"isPartOf\":{\"@id\":\"https:\/\/dialharsova.ro\/#website\"},\"datePublished\":\"2024-07-19T12:35:38+00:00\",\"dateModified\":\"2025-11-07T10:10:07+00:00\",\"breadcrumb\":{\"@id\":\"https:\/\/dialharsova.ro\/politica-de-confidentialitate-gdpr\/#breadcrumb\"},\"inLanguage\":\"en-US\",\"potentialAction\":[{\"@type\":\"ReadAction\",\"target\":[\"https:\/\/dialharsova.ro\/politica-de-confidentialitate-gdpr\/\"]}]},{\"@type\":\"BreadcrumbList\",\"@id\":\"https:\/\/dialharsova.ro\/politica-de-confidentialitate-gdpr\/#breadcrumb\",\"itemListElement\":[{\"@type\":\"ListItem\",\"position\":1,\"name\":\"Home\",\"item\":\"https:\/\/dialharsova.ro\/\"},{\"@type\":\"ListItem\",\"position\":2,\"name\":\"Politic\u0103 de confiden\u021bialitate (GDPR)\"}]},{\"@type\":\"WebSite\",\"@id\":\"https:\/\/dialharsova.ro\/#website\",\"url\":\"https:\/\/dialharsova.ro\/\",\"name\":\"DIAL\",\"description\":\"DIAL\",\"potentialAction\":[{\"@type\":\"SearchAction\",\"target\":{\"@type\":\"EntryPoint\",\"urlTemplate\":\"https:\/\/dialharsova.ro\/?s={search_term_string}\"},\"query-input\":{\"@type\":\"PropertyValueSpecification\",\"valueRequired\":true,\"valueName\":\"search_term_string\"}}],\"inLanguage\":\"en-US\"}]}<\/script>\n<!-- \/ Yoast SEO plugin. -->","yoast_head_json":{"title":"Politic\u0103 de confiden\u021bialitate (GDPR) - DIAL","robots":{"index":"index","follow":"follow","max-snippet":"max-snippet:-1","max-image-preview":"max-image-preview:large","max-video-preview":"max-video-preview:-1"},"canonical":"https:\/\/dialharsova.ro\/en\/politica-de-confidentialitate-gdpr\/","og_locale":"en_US","og_type":"article","og_title":"Politic\u0103 de confiden\u021bialitate (GDPR) - DIAL","og_description":"Prin prezenta Politic\u0103 v\u0103 inform\u0103m despre modul \u00een care colect\u0103m, utiliz\u0103m, transfer\u0103m \u0219i protej\u0103m datele dvs. cu caracter personal. Prelucrarea acestora o realiz\u0103m \u00een conformitate cu prevederile Regulamentului (UE) 2016\/679 al Parlamentului European \u0219i al Consiliului din 27 aprilie 2016 privind protec\u021bia persoanelor fizice \u00een ceea ce prive\u0219te prelucrarea datelor cu caracter personal \u0219i privind [&hellip;]","og_url":"https:\/\/dialharsova.ro\/en\/politica-de-confidentialitate-gdpr\/","og_site_name":"DIAL","article_modified_time":"2025-11-07T10:10:07+00:00","twitter_card":"summary_large_image","twitter_misc":{"Est. reading time":"7 minutes"},"schema":{"@context":"https:\/\/schema.org","@graph":[{"@type":"WebPage","@id":"https:\/\/dialharsova.ro\/politica-de-confidentialitate-gdpr\/","url":"https:\/\/dialharsova.ro\/politica-de-confidentialitate-gdpr\/","name":"Politic\u0103 de confiden\u021bialitate (GDPR) - DIAL","isPartOf":{"@id":"https:\/\/dialharsova.ro\/#website"},"datePublished":"2024-07-19T12:35:38+00:00","dateModified":"2025-11-07T10:10:07+00:00","breadcrumb":{"@id":"https:\/\/dialharsova.ro\/politica-de-confidentialitate-gdpr\/#breadcrumb"},"inLanguage":"en-US","potentialAction":[{"@type":"ReadAction","target":["https:\/\/dialharsova.ro\/politica-de-confidentialitate-gdpr\/"]}]},{"@type":"BreadcrumbList","@id":"https:\/\/dialharsova.ro\/politica-de-confidentialitate-gdpr\/#breadcrumb","itemListElement":[{"@type":"ListItem","position":1,"name":"Home","item":"https:\/\/dialharsova.ro\/"},{"@type":"ListItem","position":2,"name":"Politic\u0103 de confiden\u021bialitate (GDPR)"}]},{"@type":"WebSite","@id":"https:\/\/dialharsova.ro\/#website","url":"https:\/\/dialharsova.ro\/","name":"DIAL","description":"DIAL","potentialAction":[{"@type":"SearchAction","target":{"@type":"EntryPoint","urlTemplate":"https:\/\/dialharsova.ro\/?s={search_term_string}"},"query-input":{"@type":"PropertyValueSpecification","valueRequired":true,"valueName":"search_term_string"}}],"inLanguage":"en-US"}]}},"_links":{"self":[{"href":"https:\/\/dialharsova.ro\/en\/wp-json\/wp\/v2\/pages\/287","targetHints":{"allow":["GET"]}}],"collection":[{"href":"https:\/\/dialharsova.ro\/en\/wp-json\/wp\/v2\/pages"}],"about":[{"href":"https:\/\/dialharsova.ro\/en\/wp-json\/wp\/v2\/types\/page"}],"author":[{"embeddable":true,"href":"https:\/\/dialharsova.ro\/en\/wp-json\/wp\/v2\/users\/1"}],"replies":[{"embeddable":true,"href":"https:\/\/dialharsova.ro\/en\/wp-json\/wp\/v2\/comments?post=287"}],"version-history":[{"count":21,"href":"https:\/\/dialharsova.ro\/en\/wp-json\/wp\/v2\/pages\/287\/revisions"}],"predecessor-version":[{"id":553,"href":"https:\/\/dialharsova.ro\/en\/wp-json\/wp\/v2\/pages\/287\/revisions\/553"}],"wp:attachment":[{"href":"https:\/\/dialharsova.ro\/en\/wp-json\/wp\/v2\/media?parent=287"}],"curies":[{"name":"wp","href":"https:\/\/api.w.org\/{rel}","templated":true}]}}